{"id":109,"date":"2024-08-27T17:12:49","date_gmt":"2024-08-27T17:12:49","guid":{"rendered":"https:\/\/mouatencia.com\/home\/?page_id=109"},"modified":"2024-09-11T14:27:25","modified_gmt":"2024-09-11T14:27:25","slug":"politica-de-cookies","status":"publish","type":"page","link":"https:\/\/mouatencia.com\/home\/politica-de-cookies","title":{"rendered":"Pol\u00edtica de cookies"},"content":{"rendered":"\t\t<div data-elementor-type=\"wp-page\" data-elementor-id=\"109\" class=\"elementor elementor-109\" data-elementor-post-type=\"page\">\n\t\t\t\t<div class=\"elementor-element elementor-element-114fc59 e-flex e-con-boxed e-con e-parent\" data-id=\"114fc59\" data-element_type=\"container\">\n\t\t\t\t\t<div class=\"e-con-inner\">\n\t\t\t\t<div class=\"elementor-element elementor-element-f734287 elementor-widget elementor-widget-spacer\" data-id=\"f734287\" data-element_type=\"widget\" data-widget_type=\"spacer.default\">\n\t\t\t\t<div class=\"elementor-widget-container\">\n\t\t\t\t\t<div class=\"elementor-spacer\">\n\t\t\t<div class=\"elementor-spacer-inner\"><\/div>\n\t\t<\/div>\n\t\t\t\t<\/div>\n\t\t\t\t<\/div>\n\t\t\t\t<div class=\"elementor-element elementor-element-d700c05 elementor-widget elementor-widget-heading\" data-id=\"d700c05\" data-element_type=\"widget\" data-widget_type=\"heading.default\">\n\t\t\t\t<div class=\"elementor-widget-container\">\n\t\t\t<h2 class=\"elementor-heading-title elementor-size-default\">POL\u00cdTICA DE COOKIES<\/h2>\t\t<\/div>\n\t\t\t\t<\/div>\n\t\t\t\t<div class=\"elementor-element elementor-element-419d513 elementor-widget elementor-widget-text-editor\" data-id=\"419d513\" data-element_type=\"widget\" data-widget_type=\"text-editor.default\">\n\t\t\t\t<div class=\"elementor-widget-container\">\n\t\t\t\t\t\t\t<div class=\"site-inner\"><div class=\"content-sidebar-wrap\"><article class=\"post-2046 page type-page status-publish entry\" aria-label=\"Pol\u00edtica de cookies\"><div class=\"entry-content\"><div class=\"elementor elementor-2046\" data-elementor-type=\"wp-post\" data-elementor-id=\"2046\" data-elementor-post-type=\"page\"><section class=\"elementor-section elementor-top-section elementor-element elementor-element-71fb9c3 elementor-section-boxed elementor-section-height-default elementor-section-height-default\" data-id=\"71fb9c3\" data-element_type=\"section\"><div class=\"elementor-container elementor-column-gap-default\"><div class=\"elementor-column elementor-col-100 elementor-top-column elementor-element elementor-element-bc8d1ac\" data-id=\"bc8d1ac\" data-element_type=\"column\"><div class=\"elementor-widget-wrap elementor-element-populated\"><div class=\"elementor-element elementor-element-3916e6b elementor-widget elementor-widget-text-editor\" data-id=\"3916e6b\" data-element_type=\"widget\" data-widget_type=\"text-editor.default\"><div class=\"elementor-widget-container\"><p class=\"p1\"><span class=\"s1\"><b>INFORMACI\u00d3N SOBRE\u00a0<\/b>COOKIES<\/span><\/p><p class=\"p2\"><span class=\"s1\">Debido a la entrada en vigor de la referente modificaci\u00f3n de la \u00abLey de Servicios de la Sociedad de la Informaci\u00f3n\u00bb (LSSICE) establecida por el Real Decreto 13\/2012, es de obligaci\u00f3n obtener el consentimiento expreso del usuario de todas las p\u00e1ginas web que usan\u00a0<i>cookies\u00a0<\/i>prescindibles, antes de que este navegue por ellas.<\/span><\/p><p class=\"p5\"><span class=\"s1\"><b>\u00bfQU\u00c9 SON LAS\u00a0<\/b>COOKIES<b>?<\/b><\/span><\/p><p class=\"p6\"><span class=\"s2\">Las\u00a0<i>cookies\u00a0<\/i>y otras tecnolog\u00edas similares tales como local shared objects, flash\u00a0<i>cookies\u00a0<\/i>o p\u00edxeles, son herramientas empleadas<\/span>\u00a0<span class=\"s2\">por<\/span>\u00a0<span class=\"s2\">los<\/span>\u00a0<span class=\"s2\">servidores<\/span>\u00a0<span class=\"s2\">Web<\/span>\u00a0<span class=\"s2\">para<\/span>\u00a0<span class=\"s2\">almacenar<\/span>\u00a0<span class=\"s2\">y<\/span>\u00a0<span class=\"s2\">recuperar<\/span>\u00a0<span class=\"s2\">informaci\u00f3n<\/span>\u00a0<span class=\"s2\">acerca<\/span>\u00a0<span class=\"s2\">de<\/span>\u00a0<span class=\"s2\">sus<\/span>\u00a0<span class=\"s2\">visitantes,<\/span>\u00a0<span class=\"s2\">as\u00ed<\/span>\u00a0<span class=\"s2\">como<\/span>\u00a0<span class=\"s2\">para<\/span>\u00a0<span class=\"s2\">ofrecer un correcto funcionamiento del<\/span>\u00a0<span class=\"s2\">sitio.<\/span><\/p><p class=\"p2\"><span class=\"s1\">Mediante el uso de estos dispositivos se permite al servidor Web recordar algunos datos concernientes al usuario, como sus preferencias para la visualizaci\u00f3n de las p\u00e1ginas de ese servidor, nombre y contrase\u00f1a, productos que m\u00e1s le interesan, etc.<\/span><\/p><p class=\"p9\"><span class=\"s1\">COOKIES\u00a0<b>AFECTADAS POR LA NORMATIVA Y\u00a0<\/b>COOKIES\u00a0<b>EXCEPTUADAS<\/b><\/span><\/p><p class=\"p2\"><span class=\"s4\">Seg\u00fan<\/span>\u00a0<span class=\"s4\">la<\/span>\u00a0<span class=\"s4\">directiva<\/span>\u00a0<span class=\"s4\">de<\/span>\u00a0<span class=\"s4\">la<\/span>\u00a0<span class=\"s4\">UE,<\/span>\u00a0<span class=\"s4\">las<\/span>\u00a0<span class=\"s4\"><i>cookies<\/i><\/span><i>\u00a0<\/i><span class=\"s4\">que<\/span>\u00a0<span class=\"s4\">requieren<\/span>\u00a0<span class=\"s4\">el<\/span>\u00a0<span class=\"s4\">consentimiento<\/span>\u00a0<span class=\"s4\">informado<\/span>\u00a0<span class=\"s4\">por<\/span>\u00a0<span class=\"s4\">parte<\/span>\u00a0<span class=\"s4\">del<\/span>\u00a0<span class=\"s4\">usuario<\/span>\u00a0<span class=\"s4\">son<\/span>\u00a0<span class=\"s4\">las<\/span>\u00a0<span class=\"s4\"><i>cookies<\/i><\/span><i>\u00a0<\/i><span class=\"s4\">de anal\u00edtica y las\u00a0<\/span><span class=\"s2\">de\u00a0<\/span><span class=\"s4\">publicidad y afiliaci\u00f3n, quedando exceptuadas las\u00a0<\/span><span class=\"s2\">de\u00a0<\/span><span class=\"s4\">car\u00e1cter t\u00e9cnico y las necesarias para\u00a0<\/span><span class=\"s6\">el\u00a0<\/span><span class=\"s4\">funcionamiento<\/span>\u00a0<span class=\"s4\">del<\/span>\u00a0<span class=\"s4\">sitio<\/span>\u00a0<span class=\"s4\">web<\/span>\u00a0<span class=\"s4\">o<\/span>\u00a0<span class=\"s4\">la<\/span>\u00a0<span class=\"s4\">prestaci\u00f3n<\/span>\u00a0<span class=\"s4\">de<\/span>\u00a0<span class=\"s4\">servicios<\/span>\u00a0<span class=\"s4\">expresamente<\/span>\u00a0<span class=\"s4\">solicitados<\/span>\u00a0<span class=\"s4\">por<\/span>\u00a0<span class=\"s4\">el<\/span>\u00a0<span class=\"s4\">usuario.<\/span><\/p><p class=\"p11\"><span class=\"s1\"><b>TIPOS DE\u00a0<\/b>COOKIES<\/span><\/p><p class=\"p12\"><span class=\"s1\"><b>SEG\u00daN LA FINALIDAD<\/b><\/span><\/p><p class=\"p13\"><span class=\"s1\">Cookies\u00a0<b>t\u00e9cnicas y funcionales<\/b>: son aquellas que permiten al usuario la navegaci\u00f3n a trav\u00e9s de una p\u00e1gina web, plataforma o aplicaci\u00f3n y la utilizaci\u00f3n de las diferentes opciones o servicios que en ella existan<i>.<\/i><\/span><\/p><p class=\"p14\"><span class=\"s1\">Cookies\u00a0<b>anal\u00edticas<\/b>: son aquellas que permiten al responsable de las mismas el seguimiento y an\u00e1lisis del comportamiento de los usuarios de los sitios web a los que est\u00e1n vinculadas. La informaci\u00f3n recogida mediante este tipo de\u00a0<i>cookies\u00a0<\/i>se utiliza en la medici\u00f3n de la actividad de los sitios web, aplicaci\u00f3n o plataforma y para la elaboraci\u00f3n de perfiles de navegaci\u00f3n de los usuarios de dichos sitios, aplicaciones y plataformas, con el fin de introducir mejoras en funci\u00f3n del an\u00e1lisis de los datos de uso que hacen los usuarios del servicio.<\/span><\/p><p class=\"p14\"><span class=\"s1\">Cookies\u00a0<b>publicitarias:\u00a0<\/b>son aquellas que permiten la gesti\u00f3n, de la forma m\u00e1s eficaz posible, de los espacios\u00a0<\/span><span class=\"s2\">publicitarios que,\u00a0<\/span><span class=\"s1\">en su\u00a0<\/span><span class=\"s2\">caso,\u00a0<\/span><span class=\"s1\">el\u00a0<\/span><span class=\"s2\">editor haya incluido\u00a0<\/span><span class=\"s1\">en una\u00a0<\/span><span class=\"s2\">p\u00e1gina web, aplicaci\u00f3n\u00a0<\/span><span class=\"s1\">o\u00a0<\/span><span class=\"s2\">plataforma desde\u00a0<\/span><span class=\"s1\">la\u00a0<\/span><span class=\"s2\">que\u00a0<\/span><span class=\"s1\">presta<\/span>\u00a0<span class=\"s1\">el<\/span>\u00a0<span class=\"s1\">servicio<\/span>\u00a0<span class=\"s1\">solicitado<\/span>\u00a0<span class=\"s1\">en<\/span>\u00a0<span class=\"s1\">base<\/span>\u00a0<span class=\"s1\">a<\/span>\u00a0<span class=\"s1\">criterios<\/span>\u00a0<span class=\"s1\">como<\/span>\u00a0<span class=\"s1\">el<\/span>\u00a0<span class=\"s1\">contenido<\/span>\u00a0<span class=\"s1\">editado<\/span>\u00a0<span class=\"s1\">o<\/span>\u00a0<span class=\"s1\">la<\/span>\u00a0<span class=\"s1\">frecuencia<\/span>\u00a0<span class=\"s1\">en<\/span>\u00a0<span class=\"s1\">la<\/span>\u00a0<span class=\"s1\">que<\/span>\u00a0<span class=\"s1\">se<\/span>\u00a0<span class=\"s1\">muestran<\/span>\u00a0<span class=\"s1\">los anuncios.<\/span><\/p><p class=\"p14\"><span class=\"s1\">Cookies<\/span>\u00a0<span class=\"s1\"><b>de<\/b><\/span><b>\u00a0<\/b><span class=\"s1\"><b>publicidad<\/b><\/span><b>\u00a0<\/b><span class=\"s1\"><b>comportamental<\/b>:<\/span>\u00a0<span class=\"s1\">recogen<\/span>\u00a0<span class=\"s1\">informaci\u00f3n<\/span>\u00a0<span class=\"s1\">sobre<\/span>\u00a0<span class=\"s1\">las<\/span>\u00a0<span class=\"s1\">preferencias<\/span>\u00a0<span class=\"s1\">y<\/span>\u00a0<span class=\"s1\">elecciones<\/span>\u00a0<span class=\"s1\">personales del usuario (<i>retargeting<\/i>) para permitir la gesti\u00f3n, de la forma m\u00e1s eficaz posible, de los espacios publicitarios que, en su\u00a0<\/span><span class=\"s2\">caso,\u00a0<\/span><span class=\"s1\">el\u00a0<\/span><span class=\"s2\">editor haya incluido\u00a0<\/span><span class=\"s1\">en una\u00a0<\/span><span class=\"s2\">p\u00e1gina web, aplicaci\u00f3n\u00a0<\/span><span class=\"s1\">o\u00a0<\/span><span class=\"s2\">plataforma desde\u00a0<\/span><span class=\"s1\">la que\u00a0<\/span><span class=\"s2\">presta\u00a0<\/span><span class=\"s1\">el\u00a0<\/span><span class=\"s2\">servicio\u00a0<\/span><span class=\"s1\">solicitado.<\/span><\/p><p class=\"p14\"><span class=\"s1\">Cookies\u00a0<b>sociales<\/b>: son establecidas por las plataformas de redes sociales en los servicios para permitirle compartir contenido con sus amigos y redes. Las plataformas de medios sociales tienen la capacidad de rastrear su actividad en l\u00ednea fuera de los Servicios. Esto puede afectar al contenido y los mensajes que ve en otros servicios que visita.<\/span><\/p><p class=\"p14\"><span class=\"s1\">Cookies\u00a0<b>de afiliados<\/b>: permiten hacer un seguimiento de las visitas procedentes de otras webs, con las que el sitio web establece un contrato de afiliaci\u00f3n (empresas de afiliaci\u00f3n).<\/span><\/p><p class=\"p15\"><span class=\"s1\">Cookies\u00a0<b>de seguridad<\/b>: almacenan informaci\u00f3n cifrada para evitar que los datos guardados en ellas sean<\/span><\/p><p class=\"p16\"><span class=\"s1\">vulnerables a ataques maliciosos de terceros.<\/span><\/p><p class=\"p18\"><span class=\"s1\"><b>SEG\u00daN LA PROPIEDAD<\/b><\/span><\/p><p class=\"p14\"><span class=\"s1\">Cookies\u00a0<b>propias\u00a0<\/b>: son aquellas que se env\u00edan al equipo terminal del usuario desde un equipo o dominio gestionado por el propio editor y desde el que se presta el servicio solicitado por el usuario.<\/span><\/p><p class=\"p14\"><span class=\"s1\">Cookies<\/span>\u00a0<span class=\"s1\"><b>de<\/b><\/span><b>\u00a0<\/b><span class=\"s1\"><b>terceros:<\/b><\/span><b>\u00a0<\/b><span class=\"s1\">son<\/span>\u00a0<span class=\"s1\">aquellas<\/span>\u00a0<span class=\"s1\">que<\/span>\u00a0<span class=\"s1\">se<\/span>\u00a0<span class=\"s1\">env\u00edan<\/span>\u00a0<span class=\"s1\">al<\/span>\u00a0<span class=\"s1\">equipo<\/span>\u00a0<span class=\"s1\">terminal<\/span>\u00a0<span class=\"s1\">del<\/span>\u00a0<span class=\"s1\">usuario<\/span>\u00a0<span class=\"s1\">desde<\/span>\u00a0<span class=\"s1\">un<\/span>\u00a0<span class=\"s1\">equipo<\/span>\u00a0<span class=\"s1\">o<\/span>\u00a0<span class=\"s1\">dominio<\/span>\u00a0<span class=\"s1\">que no<\/span>\u00a0<span class=\"s1\">es<\/span>\u00a0<span class=\"s1\">gestionado<\/span>\u00a0<span class=\"s1\">por<\/span>\u00a0<span class=\"s1\">el<\/span>\u00a0<span class=\"s1\">editor,<\/span>\u00a0<span class=\"s1\">sino<\/span>\u00a0<span class=\"s1\">por<\/span>\u00a0<span class=\"s1\">otra<\/span>\u00a0<span class=\"s1\">entidad<\/span>\u00a0<span class=\"s1\">que<\/span>\u00a0<span class=\"s1\">trata<\/span>\u00a0<span class=\"s1\">los<\/span>\u00a0<span class=\"s1\">datos<\/span>\u00a0<span class=\"s1\">obtenidos<\/span>\u00a0<span class=\"s1\">trav\u00e9s<\/span>\u00a0<span class=\"s1\">de<\/span>\u00a0<span class=\"s1\">las<\/span>\u00a0<span class=\"s1\">cookies.<\/span><\/p><p class=\"p18\"><span class=\"s1\"><b>SEG\u00daN EL PLAZO DE CONSERVACI\u00d3N<\/b><\/span><\/p><p class=\"p14\"><span class=\"s1\">Cookies\u00a0<b>de sesi\u00f3n:\u00a0<\/b>son un tipo de\u00a0<i>cookies\u00a0<\/i>dise\u00f1adas para recabar y almacenar datos mientras el usuario accede a una p\u00e1gina web.<\/span><\/p><p class=\"p14\"><span class=\"s2\">Cookies<\/span>\u00a0<span class=\"s2\"><b>persistentes:<\/b><\/span><b>\u00a0<\/b><span class=\"s2\">son<\/span>\u00a0<span class=\"s2\">un<\/span>\u00a0<span class=\"s2\">tipo<\/span>\u00a0<span class=\"s2\">de<\/span>\u00a0<span class=\"s2\">cookies<\/span>\u00a0<span class=\"s2\">en<\/span>\u00a0<span class=\"s2\">el<\/span>\u00a0<span class=\"s2\">que<\/span>\u00a0<span class=\"s2\">los<\/span>\u00a0<span class=\"s2\">datos<\/span>\u00a0<span class=\"s2\">siguen<\/span>\u00a0<span class=\"s2\">almacenados<\/span>\u00a0<span class=\"s2\">en<\/span>\u00a0<span class=\"s2\">el<\/span>\u00a0<span class=\"s2\">terminal<\/span>\u00a0<span class=\"s2\">y<\/span>\u00a0<span class=\"s2\">pueden ser accedidos y tratados durante un per\u00edodo definido por el responsable de la\u00a0<i>cookie<\/i>, y que puede ir de unos minutos a varios<\/span>\u00a0<span class=\"s2\">a\u00f1os.<\/span><\/p><p class=\"p9\"><span class=\"s1\"><b>TRATAMIENTO DE DATOS PERSONALES<\/b><\/span><\/p><p class=\"p21\"><span class=\"s1\">MONTSE ATENCIA MARTINEZ <\/span>\u00a0<span class=\"s1\">es<\/span>\u00a0<span class=\"s1\">el<\/span>\u00a0<span class=\"s1\"><b>Responsable<\/b><\/span><b>\u00a0<\/b><span class=\"s1\"><b>del<\/b><\/span><b>\u00a0<\/b><span class=\"s1\"><b>tratamiento<\/b><\/span><b>\u00a0<\/b><span class=\"s1\">de<\/span>\u00a0<span class=\"s1\">los<\/span>\u00a0<span class=\"s1\">datos<\/span>\u00a0<span class=\"s1\">personales<\/span>\u00a0<span class=\"s1\">del<\/span>\u00a0<span class=\"s1\"><b>Interesado<\/b><\/span><b>\u00a0<\/b><span class=\"s1\">y<\/span>\u00a0<span class=\"s1\">le<\/span>\u00a0<span class=\"s1\">informa<\/span>\u00a0<span class=\"s1\">de que<\/span>\u00a0<span class=\"s1\">estos<\/span>\u00a0<span class=\"s1\">datos<\/span>\u00a0<span class=\"s1\">ser\u00e1n<\/span>\u00a0<span class=\"s1\">tratados<\/span>\u00a0<span class=\"s1\">de<\/span>\u00a0<span class=\"s1\">conformidad<\/span>\u00a0<span class=\"s1\">con<\/span>\u00a0<span class=\"s1\">lo<\/span>\u00a0<span class=\"s1\">dispuesto<\/span>\u00a0<span class=\"s1\">en<\/span>\u00a0<span class=\"s1\">el<\/span>\u00a0<span class=\"s1\">Reglamento<\/span>\u00a0<span class=\"s1\">(UE)<\/span>\u00a0<span class=\"s1\">2016\/679,<\/span>\u00a0<span class=\"s1\">de<\/span>\u00a0<span class=\"s1\">27<\/span>\u00a0<span class=\"s1\">de<\/span>\u00a0<span class=\"s1\">abril<\/span>\u00a0<span class=\"s1\">de<\/span>\u00a0<span class=\"s1\">2016 (GDPR), por lo que se le facilita la siguiente informaci\u00f3n del<\/span>\u00a0<span class=\"s1\">tratamiento:<\/span><\/p><p class=\"p22\"><span class=\"s1\"><b>Fines del tratamiento:\u00a0<\/b>seg\u00fan se especifica en el apartado de\u00a0<i>cookies\u00a0<\/i>que se utilizan en este sitio web.<\/span><\/p><p class=\"p23\"><span class=\"s1\"><b>Legitimaci\u00f3n del tratamiento<\/b>: por consentimiento del interesado (art. 6.1 GDPR).<\/span><\/p><p class=\"p22\"><span class=\"s1\"><b>Criterios de conservaci\u00f3n de los datos<\/b>: seg\u00fan se especifica en el apartado de\u00a0<i>cookies\u00a0<\/i>utilizadas en la web.<\/span><\/p><p class=\"p21\"><span class=\"s1\"><b>Comunicaci\u00f3n<\/b><\/span><b>\u00a0<\/b><span class=\"s1\"><b>de<\/b><\/span><b>\u00a0<\/b><span class=\"s1\"><b>los<\/b><\/span><b>\u00a0<\/b><span class=\"s1\"><b>datos<\/b>:<\/span>\u00a0<span class=\"s1\">no<\/span>\u00a0<span class=\"s1\">se<\/span>\u00a0<span class=\"s1\">comunicar\u00e1n<\/span>\u00a0<span class=\"s1\">los<\/span>\u00a0<span class=\"s1\">datos<\/span>\u00a0<span class=\"s1\">a<\/span>\u00a0<span class=\"s1\">terceros,<\/span>\u00a0<span class=\"s1\">excepto<\/span>\u00a0<span class=\"s1\">en<\/span>\u00a0<span class=\"s1\">cookies<\/span>\u00a0<span class=\"s1\">propiedad<\/span>\u00a0<span class=\"s1\">de<\/span>\u00a0<span class=\"s1\">terceros<\/span>\u00a0<span class=\"s1\">o<\/span>\u00a0<span class=\"s1\">por obligaci\u00f3n<\/span>\u00a0<span class=\"s1\">legal.<\/span><\/p><p class=\"p24\"><span class=\"s1\"><b>Derechos que asisten al Interesado<\/b>:<\/span><\/p><p class=\"p25\"><span class=\"s1\">Derecho a retirar el consentimiento en cualquier<\/span>\u00a0<span class=\"s1\">momento.<\/span><\/p><p class=\"p25\"><span class=\"s1\">Derecho<\/span>\u00a0<span class=\"s1\">de<\/span>\u00a0<span class=\"s1\">acceso,<\/span>\u00a0<span class=\"s1\">rectificaci\u00f3n,<\/span>\u00a0<span class=\"s1\">portabilidad<\/span>\u00a0<span class=\"s1\">y<\/span>\u00a0<span class=\"s1\">supresi\u00f3n<\/span>\u00a0<span class=\"s1\">de<\/span>\u00a0<span class=\"s1\">sus<\/span>\u00a0<span class=\"s1\">datos<\/span>\u00a0<span class=\"s1\">y<\/span>\u00a0<span class=\"s1\">a<\/span>\u00a0<span class=\"s1\">la<\/span>\u00a0<span class=\"s1\">limitaci\u00f3n<\/span>\u00a0<span class=\"s1\">u<\/span>\u00a0<span class=\"s1\">oposici\u00f3n<\/span>\u00a0<span class=\"s1\">a<\/span>\u00a0<span class=\"s1\">su<\/span>\u00a0<span class=\"s1\">tratamiento.<\/span><\/p><p class=\"p26\"><span class=\"s1\">Derecho<\/span>\u00a0<span class=\"s1\">a<\/span>\u00a0<span class=\"s1\">presentar<\/span>\u00a0<span class=\"s1\">una<\/span>\u00a0<span class=\"s1\">reclamaci\u00f3n<\/span>\u00a0<span class=\"s1\">ante<\/span>\u00a0<span class=\"s1\">la<\/span>\u00a0<span class=\"s1\">Autoridad<\/span>\u00a0<span class=\"s1\">de<\/span>\u00a0<span class=\"s1\">control<\/span>\u00a0<span class=\"s1\">(www.aepd.es)<\/span>\u00a0<span class=\"s1\">si<\/span>\u00a0<span class=\"s1\">considera<\/span>\u00a0<span class=\"s1\">que<\/span>\u00a0<span class=\"s1\">el<\/span>\u00a0<span class=\"s1\">tratamiento<\/span>\u00a0<span class=\"s1\">no<\/span>\u00a0<span class=\"s1\">se ajusta a la normativa<\/span>\u00a0<span class=\"s1\">vigente.<\/span><\/p><p class=\"p27\"><span class=\"s1\"><b>Datos de contacto para ejercer sus derechos:<\/b><\/span><\/p><p class=\"p28\"><span class=\"s1\">MONTSE ATENCIA MARTINEZ. C\/ Ricardo Soriano 35 Local 12. 29601. Marbella . Email: mouatenciart@gmai.com<\/span><\/p><p class=\"p9\"><span class=\"s1\">COOKIES\u00a0<b>UTILIZADAS EN ESTE SITIO WEB<\/b><\/span><\/p><p class=\"p1\"><span class=\"s1\">COOKIES\u00a0<b>UTILIZADAS EN ESTE SITIO WEB<\/b><\/span><\/p><\/div><\/div><\/div><\/div><\/div><\/section><\/div><\/div><\/article><\/div><\/div>\t\t\t\t\t\t<\/div>\n\t\t\t\t<\/div>\n\t\t\t\t\t<\/div>\n\t\t\t\t<\/div>\n\t\t\t\t<\/div>\n\t\t","protected":false},"excerpt":{"rendered":"<p>POL\u00cdTICA DE COOKIES INFORMACI\u00d3N SOBRE\u00a0COOKIES Debido a la entrada en vigor de la referente modificaci\u00f3n de la \u00abLey de Servicios de la Sociedad de la Informaci\u00f3n\u00bb (LSSICE) establecida por el Real Decreto 13\/2012, es de obligaci\u00f3n obtener el consentimiento expreso del usuario de todas las p\u00e1ginas web que usan\u00a0cookies\u00a0prescindibles, antes de que este navegue por [&hellip;]<\/p>\n","protected":false},"author":1,"featured_media":0,"parent":0,"menu_order":0,"comment_status":"closed","ping_status":"closed","template":"elementor_canvas","meta":{"footnotes":""},"class_list":["post-109","page","type-page","status-publish","hentry"],"_links":{"self":[{"href":"https:\/\/mouatencia.com\/home\/wp-json\/wp\/v2\/pages\/109","targetHints":{"allow":["GET"]}}],"collection":[{"href":"https:\/\/mouatencia.com\/home\/wp-json\/wp\/v2\/pages"}],"about":[{"href":"https:\/\/mouatencia.com\/home\/wp-json\/wp\/v2\/types\/page"}],"author":[{"embeddable":true,"href":"https:\/\/mouatencia.com\/home\/wp-json\/wp\/v2\/users\/1"}],"replies":[{"embeddable":true,"href":"https:\/\/mouatencia.com\/home\/wp-json\/wp\/v2\/comments?post=109"}],"version-history":[{"count":12,"href":"https:\/\/mouatencia.com\/home\/wp-json\/wp\/v2\/pages\/109\/revisions"}],"predecessor-version":[{"id":166,"href":"https:\/\/mouatencia.com\/home\/wp-json\/wp\/v2\/pages\/109\/revisions\/166"}],"wp:attachment":[{"href":"https:\/\/mouatencia.com\/home\/wp-json\/wp\/v2\/media?parent=109"}],"curies":[{"name":"wp","href":"https:\/\/api.w.org\/{rel}","templated":true}]}}